{"id":18,"date":"2019-02-20T18:52:44","date_gmt":"2019-02-20T17:52:44","guid":{"rendered":"https:\/\/www.gomarion.fr\/?page_id=18"},"modified":"2019-03-03T07:22:10","modified_gmt":"2019-03-03T06:22:10","slug":"a-propos","status":"publish","type":"page","link":"https:\/\/www.gomarion.fr\/index.php\/a-propos\/","title":{"rendered":"A propos"},"content":{"rendered":"<p class=\"has-drop-cap\" style=\"text-align:center;\"><img loading=\"lazy\" decoding=\"async\" class=\"size-large aligncenter wp-image-269\" src=\"https:\/\/www.gomarion.fr\/wp-content\/uploads\/2019\/03\/psx_20190303_1909155141658721546665455.jpg\" width=\"1024\" height=\"768\" title=\"Merry Christmas\" data-temp-aztec-id=\"e121a4cb-166f-479e-8dd4-92d05ca5b8b7\" srcset=\"https:\/\/www.gomarion.fr\/wp-content\/uploads\/2019\/03\/psx_20190303_1909155141658721546665455.jpg 1100w, https:\/\/www.gomarion.fr\/wp-content\/uploads\/2019\/03\/psx_20190303_1909155141658721546665455-300x225.jpg 300w, https:\/\/www.gomarion.fr\/wp-content\/uploads\/2019\/03\/psx_20190303_1909155141658721546665455-768x576.jpg 768w, https:\/\/www.gomarion.fr\/wp-content\/uploads\/2019\/03\/psx_20190303_1909155141658721546665455-1024x768.jpg 1024w\" sizes=\"auto, (max-width: 1024px) 100vw, 1024px\" \/><strong>Ouais, para\u00eet que \u00e7a fait bien d&rsquo;avoir un \u00ab\u00a0\u00e0 propos\u00a0\u00bb sur son blog\u2026 Alors comme je me la p\u00e8te et que mon site est un \u00ab\u00a0.fr\u00a0\u00bb (rien que \u00e7a!), je vais me pr\u00e9senter un petit peu \u00e0 la personne tout au fond de la salle qui ne me connaitrais pas encore ou \u00e0 vous qui savez qui je suis mais qui \u00eates simplement curieux, petit coquinous!<\/strong><\/p><hr \/><p style=\"text-align:center;\"><strong>Qui suis-je ?<\/strong><\/p><hr \/><p>Je m&rsquo;appelle donc <strong>Marion<\/strong>, j&rsquo;ai \u00e0 ce jour <strong>28 ans<\/strong>, j&rsquo;ai pas toutes mes dents, donc je ne peux pas faire la rhyme (ah ben si, en fait) et je fais partie de la grande famille des <strong>travailleurs sociaux<\/strong>.<\/p><p style=\"text-align:center;\">~<\/p><p>Si tu ne sais pas ce que c&rsquo;est (et \u00e7a m&rsquo;arrive encore de devoir expliquer), c&rsquo;est tant mieux pour toi : \u00e7a veut dire que t&rsquo;as pas trop trop de sou\u00e7a\u00ef (comme dirait Cristina) dans ta vie. Maaaaais quand m\u00eame : on serait 1.200.000 de travailleurs sociaux tout confondus en France, je dis \u00e7a, je dis rien! \ud83d\ude09<\/p><p style=\"text-align:center;\">~<img loading=\"lazy\" decoding=\"async\" class=\"size-large aligncenter wp-image-270\" src=\"https:\/\/www.gomarion.fr\/wp-content\/uploads\/2019\/03\/psx_20190303_1913298997924651984536518.jpg\" width=\"1024\" height=\"768\" title=\"Lac\" data-temp-aztec-id=\"b361c773-cbe4-4b16-880d-8f31572240b8\" srcset=\"https:\/\/www.gomarion.fr\/wp-content\/uploads\/2019\/03\/psx_20190303_1913298997924651984536518.jpg 1100w, https:\/\/www.gomarion.fr\/wp-content\/uploads\/2019\/03\/psx_20190303_1913298997924651984536518-300x225.jpg 300w, https:\/\/www.gomarion.fr\/wp-content\/uploads\/2019\/03\/psx_20190303_1913298997924651984536518-768x576.jpg 768w, https:\/\/www.gomarion.fr\/wp-content\/uploads\/2019\/03\/psx_20190303_1913298997924651984536518-1024x768.jpg 1024w\" sizes=\"auto, (max-width: 1024px) 100vw, 1024px\" \/>~<\/p><p>J&rsquo;aime le chocolat et le guacamole, mais le vrai, celui avec de la coriandre et des petits bout de tomates. J&rsquo;ai envie d&rsquo;apprendre le yoga, le piano, la harpe et la salsa tiens, soyons fous. J&rsquo;ai envie de faire une retraite vipassana m\u00eame si je ne suis pas hyper s\u00fbre de savoir ce que c&rsquo;est, j&rsquo;ai envie de vivre dans plein de capitales ou de grandes villes, de d\u00e9m\u00e9nager relativement souvent, d&rsquo;apprendre \u00e0 cuisiner, \u00e0 dessiner, \u00e0 peindre, \u00e0 jouer de la fl\u00fbte \u00e0 bec (ah non pas \u00e7a), bref, j&rsquo;ai plein d&rsquo;envies quoi!<\/p><p style=\"text-align:center;\">~<\/p><p>J&rsquo;aime voyager et accessoirement faire exploser mon empreinte carbone mais bon pourquoi je me priverai de prendre l&rsquo;avion d&rsquo;abord puisque les gros vilains milliardaires, eux, se baladent en jet priv\u00e9 et polluent beaucoup plus que moi, laul (j&rsquo;ai quand m\u00eame envie de pr\u00e9ciser que si vous me connaissez un minimum, ceci est une grosse blague et que je suis hyper concern\u00e9e par l&rsquo;\u00e9cologie, le Z\u00e9ro D\u00e9chet, les zanimaux toussa toussa, tmtc).<\/p><p><\/p><p><img loading=\"lazy\" decoding=\"async\" class=\"size-large aligncenter wp-image-276\" src=\"https:\/\/www.gomarion.fr\/wp-content\/uploads\/2019\/03\/psx_20190303_1915303955027605871675349.jpg\" width=\"1024\" height=\"768\" title=\"Poissons\" srcset=\"https:\/\/www.gomarion.fr\/wp-content\/uploads\/2019\/03\/psx_20190303_1915303955027605871675349.jpg 1000w, https:\/\/www.gomarion.fr\/wp-content\/uploads\/2019\/03\/psx_20190303_1915303955027605871675349-300x225.jpg 300w, https:\/\/www.gomarion.fr\/wp-content\/uploads\/2019\/03\/psx_20190303_1915303955027605871675349-768x576.jpg 768w\" sizes=\"auto, (max-width: 1024px) 100vw, 1024px\" \/><\/p><hr \/><p style=\"text-align:center;\"><strong>Bon, et sinon pourquoi faire un blog? <\/strong><\/p><p>Et pourquoi pas d&rsquo;abord? Simplement parce que c&rsquo;est quelque chose que j&rsquo;ai toujours eu plus ou moins envie de faire. C&rsquo;est m\u00eame sur ma \u00ab\u00a0bucketlist\u00a0\u00bb! M\u00ea\u00ea\u00eame si je sais d&rsquo;avance que \u00e7a va parfois \u00eatre difficile de tenir le rythme et de coucher sur papier (enfin, \u00e9crire sur le blog, enfin t&rsquo;as compris quoi) tout ce que je vis au quotidien car il va y en avoir des choses je pense, et ben j&rsquo;ai quand m\u00eame envie d&rsquo;essayer de tenir un blog sur un site, un vrai, pas sur Facebook qui garderait mes photos en propri\u00e9t\u00e9 pour qu&rsquo;un jour en faisant mes courses, je retrouve ma t\u00eate sur un paquet de farine! Plus jeune, je tenais un ou deux blogs (que je n&rsquo;assume plus on est d&rsquo;accord) sur Skyblog et cie, sur lesquels j&rsquo;\u00e9crivais des trucs, des bidules, des machins et o\u00f9 je publiais des photos parce que jme prenais trop pour une photographe! Evidemment, et parce que j&rsquo;ai un peu 15 ans de plus aujourd&rsquo;hui, je n&rsquo;allais pas tenir mon blog sur Skyblog mais sur une plateforme un peu plus s\u00e9rieuse et je remercie le petit bonhomme derri\u00e8re la cr\u00e9ation de celui-ci (coucou toi! H\u00e9 \u00ab\u00a0petit\u00a0\u00bb, c&rsquo;est une fa\u00e7on de parler, tu te calmes!).<\/p><p style=\"text-align:center;\">~<img loading=\"lazy\" decoding=\"async\" class=\"size-large aligncenter wp-image-279\" src=\"https:\/\/www.gomarion.fr\/wp-content\/uploads\/2019\/03\/psx_20190303_1919458206441021043020877.jpg\" width=\"1024\" height=\"768\" title=\"Surf\" srcset=\"https:\/\/www.gomarion.fr\/wp-content\/uploads\/2019\/03\/psx_20190303_1919458206441021043020877.jpg 1100w, https:\/\/www.gomarion.fr\/wp-content\/uploads\/2019\/03\/psx_20190303_1919458206441021043020877-300x225.jpg 300w, https:\/\/www.gomarion.fr\/wp-content\/uploads\/2019\/03\/psx_20190303_1919458206441021043020877-768x576.jpg 768w, https:\/\/www.gomarion.fr\/wp-content\/uploads\/2019\/03\/psx_20190303_1919458206441021043020877-1024x768.jpg 1024w\" sizes=\"auto, (max-width: 1024px) 100vw, 1024px\" \/>~<\/p><p>Je vais donc essayer de vous tenir inform\u00e9s le plus possible de ce que je fais de mes journ\u00e9es, je pense \u00e0 publier un article tous les dimanches. Peut-\u00eatre aussi \u00e9crire parfois mes \u00ab\u00a0pens\u00e9es\u00a0\u00bb, vous exposer mes \u00e9tats d&rsquo;\u00e2me. En fait tout ce qui peut \u00e9ventuellement passer par la t\u00eate de quelqu&rsquo;un qui a d\u00e9cid\u00e9 qu&rsquo;aller \u00e0 l&rsquo;autre bout de la plan\u00e8te, loin de ses amis, de sa famille et son loveur (elle l&rsquo;a diiit) (et de la bouffe fran\u00e7aise, bordel) \u00e9tait une bonne id\u00e9e! Elle a int\u00e9r\u00eat d&rsquo;\u00eatre belle la Nouvelle-Z\u00e9lande, jte l&rsquo;dis, parce que les saucissons\/fromage (les vrais, pas les gros bloc d&#8217;emmental de chez Coles) en ap\u00e9ro hein\u2026<\/p><hr \/><p>Sur ce, coeur coeur sur vous, je m&rsquo;en vais assister \u00e0 un cours d&rsquo;anglais, quoi de mieux pour reprendre doucement avant de m&rsquo;envoler vers un pays anglophone?<\/p><hr \/><p style=\"text-align:right;\"><strong>Marion<\/strong><\/p><hr \/><p>P.S : n&rsquo;h\u00e9site pas \u00e0 l\u00e2cher un pouce bleu et \u00e0 regarder ce que je porte comme v\u00eatements et maquillage en barre d&rsquo;infos! Ah non, je me suis tromp\u00e9e de plateforme (l\u00e0, j&rsquo;ai perdu toutes les personnes de l&rsquo;\u00e2ge de mes parents, oups).<br>Sinon, tu peux aussi laisser un petit commentaire de temps en temps sous mes articles, histoire que je sache que mon blog est vraiment lu, \u00e7a m&rsquo;encouragera \u00e0 continuer ?! Ciao ?<\/p>","protected":false},"excerpt":{"rendered":"<p>Ouais, para\u00eet que \u00e7a fait bien d&rsquo;avoir un \u00ab\u00a0\u00e0 propos\u00a0\u00bb sur son blog\u2026 Alors comme je me la p\u00e8te et que mon site est unTour Details<\/p>\n","protected":false},"author":1,"featured_media":0,"parent":0,"menu_order":0,"comment_status":"closed","ping_status":"closed","template":"","meta":{"_monsterinsights_skip_tracking":false,"_monsterinsights_sitenote_active":false,"_monsterinsights_sitenote_note":"","_monsterinsights_sitenote_category":0,"footnotes":""},"class_list":["post-18","page","type-page","status-publish","hentry"],"yoast_head":"<!-- This site is optimized with the Yoast SEO plugin v27.3 - https:\/\/yoast.com\/product\/yoast-seo-wordpress\/ -->\n<title>A propos - Marion<\/title>\n<meta name=\"robots\" content=\"index, follow, max-snippet:-1, max-image-preview:large, max-video-preview:-1\" \/>\n<link rel=\"canonical\" href=\"https:\/\/www.gomarion.fr\/index.php\/a-propos\/\" \/>\n<meta property=\"og:locale\" content=\"fr_FR\" \/>\n<meta property=\"og:type\" content=\"article\" \/>\n<meta property=\"og:title\" content=\"A propos - Marion\" \/>\n<meta property=\"og:description\" content=\"Ouais, para\u00eet que \u00e7a fait bien d&rsquo;avoir un \u00ab\u00a0\u00e0 propos\u00a0\u00bb sur son blog\u2026 Alors comme je me la p\u00e8te et que mon site est unTour Details\" \/>\n<meta property=\"og:url\" content=\"https:\/\/www.gomarion.fr\/index.php\/a-propos\/\" \/>\n<meta property=\"og:site_name\" content=\"Marion\" \/>\n<meta property=\"article:modified_time\" content=\"2019-03-03T06:22:10+00:00\" \/>\n<meta property=\"og:image\" content=\"https:\/\/www.gomarion.fr\/wp-content\/uploads\/2019\/03\/psx_20190303_1909155141658721546665455.jpg\" \/>\n<meta name=\"twitter:card\" content=\"summary_large_image\" \/>\n<meta name=\"twitter:label1\" content=\"Dur\u00e9e de lecture estim\u00e9e\" \/>\n\t<meta name=\"twitter:data1\" content=\"4 minutes\" \/>\n<script type=\"application\/ld+json\" class=\"yoast-schema-graph\">{\"@context\":\"https:\\\/\\\/schema.org\",\"@graph\":[{\"@type\":\"WebPage\",\"@id\":\"https:\\\/\\\/www.gomarion.fr\\\/index.php\\\/a-propos\\\/\",\"url\":\"https:\\\/\\\/www.gomarion.fr\\\/index.php\\\/a-propos\\\/\",\"name\":\"A propos - Marion\",\"isPartOf\":{\"@id\":\"https:\\\/\\\/www.gomarion.fr\\\/#website\"},\"primaryImageOfPage\":{\"@id\":\"https:\\\/\\\/www.gomarion.fr\\\/index.php\\\/a-propos\\\/#primaryimage\"},\"image\":{\"@id\":\"https:\\\/\\\/www.gomarion.fr\\\/index.php\\\/a-propos\\\/#primaryimage\"},\"thumbnailUrl\":\"https:\\\/\\\/www.gomarion.fr\\\/wp-content\\\/uploads\\\/2019\\\/03\\\/psx_20190303_1909155141658721546665455.jpg\",\"datePublished\":\"2019-02-20T17:52:44+00:00\",\"dateModified\":\"2019-03-03T06:22:10+00:00\",\"breadcrumb\":{\"@id\":\"https:\\\/\\\/www.gomarion.fr\\\/index.php\\\/a-propos\\\/#breadcrumb\"},\"inLanguage\":\"fr-FR\",\"potentialAction\":[{\"@type\":\"ReadAction\",\"target\":[\"https:\\\/\\\/www.gomarion.fr\\\/index.php\\\/a-propos\\\/\"]}]},{\"@type\":\"ImageObject\",\"inLanguage\":\"fr-FR\",\"@id\":\"https:\\\/\\\/www.gomarion.fr\\\/index.php\\\/a-propos\\\/#primaryimage\",\"url\":\"https:\\\/\\\/www.gomarion.fr\\\/wp-content\\\/uploads\\\/2019\\\/03\\\/psx_20190303_1909155141658721546665455.jpg\",\"contentUrl\":\"https:\\\/\\\/www.gomarion.fr\\\/wp-content\\\/uploads\\\/2019\\\/03\\\/psx_20190303_1909155141658721546665455.jpg\",\"width\":1100,\"height\":825},{\"@type\":\"BreadcrumbList\",\"@id\":\"https:\\\/\\\/www.gomarion.fr\\\/index.php\\\/a-propos\\\/#breadcrumb\",\"itemListElement\":[{\"@type\":\"ListItem\",\"position\":1,\"name\":\"Accueil\",\"item\":\"https:\\\/\\\/www.gomarion.fr\\\/\"},{\"@type\":\"ListItem\",\"position\":2,\"name\":\"A propos\"}]},{\"@type\":\"WebSite\",\"@id\":\"https:\\\/\\\/www.gomarion.fr\\\/#website\",\"url\":\"https:\\\/\\\/www.gomarion.fr\\\/\",\"name\":\"Marion\",\"description\":\"et son besoin d&#039;\u00e9vasion\",\"publisher\":{\"@id\":\"https:\\\/\\\/www.gomarion.fr\\\/#\\\/schema\\\/person\\\/4693f65ad095df88a8b54f7589847dff\"},\"potentialAction\":[{\"@type\":\"SearchAction\",\"target\":{\"@type\":\"EntryPoint\",\"urlTemplate\":\"https:\\\/\\\/www.gomarion.fr\\\/?s={search_term_string}\"},\"query-input\":{\"@type\":\"PropertyValueSpecification\",\"valueRequired\":true,\"valueName\":\"search_term_string\"}}],\"inLanguage\":\"fr-FR\"},{\"@type\":[\"Person\",\"Organization\"],\"@id\":\"https:\\\/\\\/www.gomarion.fr\\\/#\\\/schema\\\/person\\\/4693f65ad095df88a8b54f7589847dff\",\"name\":\"Marion\",\"image\":{\"@type\":\"ImageObject\",\"inLanguage\":\"fr-FR\",\"@id\":\"https:\\\/\\\/secure.gravatar.com\\\/avatar\\\/1f7e61c5d42482fbf73bc41685c69fc86b5c119ff3194e4fa38ed60e8915a637?s=96&d=mm&r=g\",\"url\":\"https:\\\/\\\/secure.gravatar.com\\\/avatar\\\/1f7e61c5d42482fbf73bc41685c69fc86b5c119ff3194e4fa38ed60e8915a637?s=96&d=mm&r=g\",\"contentUrl\":\"https:\\\/\\\/secure.gravatar.com\\\/avatar\\\/1f7e61c5d42482fbf73bc41685c69fc86b5c119ff3194e4fa38ed60e8915a637?s=96&d=mm&r=g\",\"caption\":\"Marion\"},\"logo\":{\"@id\":\"https:\\\/\\\/secure.gravatar.com\\\/avatar\\\/1f7e61c5d42482fbf73bc41685c69fc86b5c119ff3194e4fa38ed60e8915a637?s=96&d=mm&r=g\"}}]}<\/script>\n<!-- \/ Yoast SEO plugin. -->","yoast_head_json":{"title":"A propos - Marion","robots":{"index":"index","follow":"follow","max-snippet":"max-snippet:-1","max-image-preview":"max-image-preview:large","max-video-preview":"max-video-preview:-1"},"canonical":"https:\/\/www.gomarion.fr\/index.php\/a-propos\/","og_locale":"fr_FR","og_type":"article","og_title":"A propos - Marion","og_description":"Ouais, para\u00eet que \u00e7a fait bien d&rsquo;avoir un \u00ab\u00a0\u00e0 propos\u00a0\u00bb sur son blog\u2026 Alors comme je me la p\u00e8te et que mon site est unTour Details","og_url":"https:\/\/www.gomarion.fr\/index.php\/a-propos\/","og_site_name":"Marion","article_modified_time":"2019-03-03T06:22:10+00:00","og_image":[{"url":"https:\/\/www.gomarion.fr\/wp-content\/uploads\/2019\/03\/psx_20190303_1909155141658721546665455.jpg","type":"","width":"","height":""}],"twitter_card":"summary_large_image","twitter_misc":{"Dur\u00e9e de lecture estim\u00e9e":"4 minutes"},"schema":{"@context":"https:\/\/schema.org","@graph":[{"@type":"WebPage","@id":"https:\/\/www.gomarion.fr\/index.php\/a-propos\/","url":"https:\/\/www.gomarion.fr\/index.php\/a-propos\/","name":"A propos - Marion","isPartOf":{"@id":"https:\/\/www.gomarion.fr\/#website"},"primaryImageOfPage":{"@id":"https:\/\/www.gomarion.fr\/index.php\/a-propos\/#primaryimage"},"image":{"@id":"https:\/\/www.gomarion.fr\/index.php\/a-propos\/#primaryimage"},"thumbnailUrl":"https:\/\/www.gomarion.fr\/wp-content\/uploads\/2019\/03\/psx_20190303_1909155141658721546665455.jpg","datePublished":"2019-02-20T17:52:44+00:00","dateModified":"2019-03-03T06:22:10+00:00","breadcrumb":{"@id":"https:\/\/www.gomarion.fr\/index.php\/a-propos\/#breadcrumb"},"inLanguage":"fr-FR","potentialAction":[{"@type":"ReadAction","target":["https:\/\/www.gomarion.fr\/index.php\/a-propos\/"]}]},{"@type":"ImageObject","inLanguage":"fr-FR","@id":"https:\/\/www.gomarion.fr\/index.php\/a-propos\/#primaryimage","url":"https:\/\/www.gomarion.fr\/wp-content\/uploads\/2019\/03\/psx_20190303_1909155141658721546665455.jpg","contentUrl":"https:\/\/www.gomarion.fr\/wp-content\/uploads\/2019\/03\/psx_20190303_1909155141658721546665455.jpg","width":1100,"height":825},{"@type":"BreadcrumbList","@id":"https:\/\/www.gomarion.fr\/index.php\/a-propos\/#breadcrumb","itemListElement":[{"@type":"ListItem","position":1,"name":"Accueil","item":"https:\/\/www.gomarion.fr\/"},{"@type":"ListItem","position":2,"name":"A propos"}]},{"@type":"WebSite","@id":"https:\/\/www.gomarion.fr\/#website","url":"https:\/\/www.gomarion.fr\/","name":"Marion","description":"et son besoin d&#039;\u00e9vasion","publisher":{"@id":"https:\/\/www.gomarion.fr\/#\/schema\/person\/4693f65ad095df88a8b54f7589847dff"},"potentialAction":[{"@type":"SearchAction","target":{"@type":"EntryPoint","urlTemplate":"https:\/\/www.gomarion.fr\/?s={search_term_string}"},"query-input":{"@type":"PropertyValueSpecification","valueRequired":true,"valueName":"search_term_string"}}],"inLanguage":"fr-FR"},{"@type":["Person","Organization"],"@id":"https:\/\/www.gomarion.fr\/#\/schema\/person\/4693f65ad095df88a8b54f7589847dff","name":"Marion","image":{"@type":"ImageObject","inLanguage":"fr-FR","@id":"https:\/\/secure.gravatar.com\/avatar\/1f7e61c5d42482fbf73bc41685c69fc86b5c119ff3194e4fa38ed60e8915a637?s=96&d=mm&r=g","url":"https:\/\/secure.gravatar.com\/avatar\/1f7e61c5d42482fbf73bc41685c69fc86b5c119ff3194e4fa38ed60e8915a637?s=96&d=mm&r=g","contentUrl":"https:\/\/secure.gravatar.com\/avatar\/1f7e61c5d42482fbf73bc41685c69fc86b5c119ff3194e4fa38ed60e8915a637?s=96&d=mm&r=g","caption":"Marion"},"logo":{"@id":"https:\/\/secure.gravatar.com\/avatar\/1f7e61c5d42482fbf73bc41685c69fc86b5c119ff3194e4fa38ed60e8915a637?s=96&d=mm&r=g"}}]}},"_links":{"self":[{"href":"https:\/\/www.gomarion.fr\/index.php\/wp-json\/wp\/v2\/pages\/18","targetHints":{"allow":["GET"]}}],"collection":[{"href":"https:\/\/www.gomarion.fr\/index.php\/wp-json\/wp\/v2\/pages"}],"about":[{"href":"https:\/\/www.gomarion.fr\/index.php\/wp-json\/wp\/v2\/types\/page"}],"author":[{"embeddable":true,"href":"https:\/\/www.gomarion.fr\/index.php\/wp-json\/wp\/v2\/users\/1"}],"replies":[{"embeddable":true,"href":"https:\/\/www.gomarion.fr\/index.php\/wp-json\/wp\/v2\/comments?post=18"}],"version-history":[{"count":12,"href":"https:\/\/www.gomarion.fr\/index.php\/wp-json\/wp\/v2\/pages\/18\/revisions"}],"predecessor-version":[{"id":281,"href":"https:\/\/www.gomarion.fr\/index.php\/wp-json\/wp\/v2\/pages\/18\/revisions\/281"}],"wp:attachment":[{"href":"https:\/\/www.gomarion.fr\/index.php\/wp-json\/wp\/v2\/media?parent=18"}],"curies":[{"name":"wp","href":"https:\/\/api.w.org\/{rel}","templated":true}]}}