{"id":21,"date":"2019-02-21T18:04:27","date_gmt":"2019-02-21T17:04:27","guid":{"rendered":"https:\/\/www.gomarion.fr\/?page_id=21"},"modified":"2019-02-24T13:06:03","modified_gmt":"2019-02-24T12:06:03","slug":"faire-son-sac-pour-la-nouvelle-zelande","status":"publish","type":"page","link":"https:\/\/www.gomarion.fr\/index.php\/faire-son-sac-pour-la-nouvelle-zelande\/","title":{"rendered":"Faire son sac pour la Nouvelle-Z\u00e9lande"},"content":{"rendered":"<p style=\"text-align:center;\"><strong>Quel calvaire de r\u00e9fl\u00e9chir \u00e0 quoi mettre dans son sac quand on ne sait m\u00eame pas combien de temps on part! Et dans un pays comme la Nouvelle-Z\u00e9lande, qui plus est! Va-t-il faire chaud? Vais-je avoir froid? Va-t-il pleuvoir? La r\u00e9ponse est : un peu tout \u00e0 la fois (la NZ est une bitch apparemment niveau m\u00e9t\u00e9o, c&rsquo;est ce que je m&rsquo;appr\u00eate bient\u00f4t \u00e0 v\u00e9rifier). En attendant, \u00e7a ne r\u00e9pond pas \u00e0 ma question : quoi mettre dans mon sac?<\/strong><\/p> <p>Sachant que je vais partir fin f\u00e9vrier et que je vais proooobablement rester on va dire maximum 6 mois (c&rsquo;est une grosse fourchette, t&#8217;emballe pas ch\u00e9ri), je vivrai donc la fin de l&rsquo;\u00e9t\u00e9, l&rsquo;automne et probablement un peu d&rsquo;hiver. Il faut donc que je m&rsquo;\u00e9quipe en un peu tout et n&rsquo;importe quoi mais attention, \u00e7a se r\u00e9fl\u00e9chit, je n&rsquo;ai qu&rsquo;un sac \u00e0 dos de 70L et un petit backpack de 15-20L! Et accessoirement, je n&rsquo;ai qu&rsquo;un dos!<\/p> <p style=\"text-align:center;\"><strong>~<\/strong><\/p> <p style=\"text-align:center;\"><strong>Voici donc la liste de ce que j&rsquo;ai emport\u00e9 dans mon backpack :<\/strong><\/p> <ul class=\"wp-block-list\"><li><strong>Sous-v\u00eatements <\/strong>: &#8211; 6 slips, 1 soutien-gorge (oui, j&rsquo;aime vivre dangereusement), 7 paires de chaussettes, 1 legging,<\/li><li><strong>Sportivement parlant<\/strong> : 1 legging de sport, 1 brassi\u00e8re de sport,<\/li><li><strong>Fringues<\/strong> : 5 t-shirt, 2 t-shirts manches longues \u00ab\u00a0techniques\u00a0\u00bb qui tiennent chaud de la mort qui tue, 1 gilet, 1 bonnet, 1 pantalon de randonn\u00e9e d&rsquo;hiver, 1 pantalon l\u00e9ger, 1 jean, 1 short, 1 robe, 1 \u00e9charpe, 1 maillot de bain qui sent le \u00ab\u00a0sait-on jamais?\u00a0\u00bb,<\/li><li><strong>Manteaux (au pluriel?!!! Oh la princesse!)<\/strong> : 1 mini doudoune en duvet qui tient chaud de la mort qui tue encore plus, 1 esp\u00e8ce de parka antipluie (comment on dit d\u00e9j\u00e0?) et coupe-vent que-j&rsquo;ai-pas-int\u00e9r\u00eat-de-perdre-ou-d&rsquo;ab\u00eemer-pas-comme-le-bonnet-que-jai-perdu-je-ne-sais-zo\u00f9-et-si-vous-vous-demandiez-oui-je-porte-ses-fringues-parce-que-oui-on-fait-la-m\u00eame-taille-enfin-ca-c&rsquo;est-ce-qu&rsquo;il-dit-mais-en-vrai-je-suis-plus-grande-de-un-centim\u00e8tre-ha-ha-ha-c&rsquo;\u00e9tait-la-phrase-la-plus-longue-de-l&rsquo;histoire-de-la-phrase-vous-pouvez-reprendre-votre-souffle.<\/li><li><strong>Shoes<\/strong> : des chaussures de rando montantes, des Converses en cuir, des tongs.<\/li><li><strong>Elektronikeuh<\/strong> : 1 ordinateur du temps de quand les dinosaures n&rsquo;existaient pas encore, 1 disque dur de l&rsquo;extr\u00eame, 1 batterie externe (la grande nouveaut\u00e9 de ce voyage), 1 appareil photo avec un zoom genre t&rsquo;as jamais vu \u00e7a ailleurs, 1 t\u00e9l\u00e9phone portable, 1 drone, et je r\u00e9fl\u00e9chis encore \u00e0 prendre ma Gopro mais bon, \u00e7a commence \u00e0 faire lourd niveau matos (lourd dans les 2 sens du terme en plus parce qu&rsquo;apr\u00e8s, faut le recharger tout ce bordel hein), 1 adaptateur, 1 ou 2 prises histoire de et 1 c\u00e2ble (ce qui est cool, et c&rsquo;est ironique, c&rsquo;est que mon appareil photo et mon \u00e9pilateur \u00e9lectrique viennent d&rsquo;Australie, mon t\u00e9l\u00e9phone de Chine avec une prise anglaise, mon ordi est fran\u00e7ais&#8230; C&rsquo;est sympa pour recharger, youpi!<\/li><li><strong>Trousse de toilette<\/strong> : 1 brosse \u00e0 dent en bambou, 1 dentifrice, 1 brosse \u00e0 cheveux, 1 oriculi (pour les noobs, c&rsquo;est un coton-tige \u00e9colo lavable, tu l&rsquo;ach\u00e8tes une fois, et tu le gardes \u00e0 vie, c&rsquo;est pas beau \u00e7a?), des boules Kies, du shampoing liquide bio, 1 pain de savon dans son \u00e9tui en m\u00e9tal offert par ma merveilleuse Morgane &lt;3, des huiles essentielles (Palmarosa, Tea Tree, Origan, et peut-\u00eatre bien Lavande, elles ont toutes une fonction particuli\u00e8re et int\u00e9ressante en voyage selon moi), 1 \u00e9pilateur \u00e9lectrique, 1 serviette en microfibre qui a surv\u00e9cu d\u00e9j\u00e0 \u00e0 2 ans d&rsquo;Australie et 2 mois en Asie genre c&rsquo;est litt\u00e9ralement indestructible ce truc,<\/li><li><strong>Papiers<\/strong> : carte bleue fran\u00e7aise, carte bleue Revolut, permis fran\u00e7ais, permis international, carte assurance AVA, preuve de fonds, attestation d&rsquo;assurance,<\/li><li><strong>Autres<\/strong> : 1 sac de couchage en duvet hyper chaud, 1 guide sur la Nouvelle-Z\u00e9lande et s\u00fbrement 1 bouquin.<\/li><\/ul> <p style=\"text-align:center;\"><strong>~<\/strong><\/p> <p>Pour ce voyage et pour m&rsquo;y retrouver plus facilement dans ce sac, j&rsquo;ai achet\u00e9 des esp\u00e8ces de compartiment pour attention qui va deviner? compartimenter mes affaires, les t-shirts avec les t-shirts, les pantalons avec les pantalons, les culottes avec les?? Oui, bravo Anna, avec les culottes! \ud83d\ude00<\/p> <figure class=\"wp-block-image\"><img loading=\"lazy\" decoding=\"async\" width=\"1000\" height=\"783\" class=\"wp-image-104\" src=\"https:\/\/www.gomarion.fr\/wp-content\/uploads\/2019\/02\/PSX_20190223_191911.jpg\" alt=\"\" data-temp-aztec-id=\"bd7c35de-891c-430f-af0f-23fb5dd44eff\" \/><figcaption><strong>Compartimenter ses affaires, un gain de temps quand il faut chercher quelque chose au fond de son sac!<\/strong><\/figcaption><\/figure> <p>Et je crois que c&rsquo;est tout ! Je n&rsquo;ai pas pu le peser \u00e0 mon grand regret mais en tout cas, absolument tout rentre dans mon gros backpack donc si je transf\u00e8re quelques trucs dans mon petit backpack, celui que j&rsquo;aurai avec moi dans l&rsquo;avion, il y a vraiment moyen que mon dos ne souffre m\u00eame pas! Donc, moi happy!<br><br><br><img loading=\"lazy\" decoding=\"async\" class=\"wp-image-107 alignnone size-full\" src=\"https:\/\/www.gomarion.fr\/wp-content\/uploads\/2019\/02\/psx_20190223_1934108637140439473493806.jpg\" width=\"1195\" height=\"2000\" data-temp-aztec-id=\"0e7381d4-5c80-45a3-9d49-83f88964629b\" \/><\/p> <p><strong>Si j&rsquo;ai oubli\u00e9 quelque chose, dites-le-moi en commentaire, \u00e7a fait toujours plaisir! <\/strong><\/p><p style=\"text-align:right;\">Love, Marion<\/p>","protected":false},"excerpt":{"rendered":"<p>Quel calvaire de r\u00e9fl\u00e9chir \u00e0 quoi mettre dans son sac quand on ne sait m\u00eame pas combien de temps on part! Et dans un paysTour Details<\/p>\n","protected":false},"author":1,"featured_media":0,"parent":0,"menu_order":0,"comment_status":"closed","ping_status":"closed","template":"","meta":{"_monsterinsights_skip_tracking":false,"_monsterinsights_sitenote_active":false,"_monsterinsights_sitenote_note":"","_monsterinsights_sitenote_category":0,"footnotes":""},"class_list":["post-21","page","type-page","status-publish","hentry"],"yoast_head":"<!-- This site is optimized with the Yoast SEO plugin v27.3 - https:\/\/yoast.com\/product\/yoast-seo-wordpress\/ -->\n<title>Faire son sac pour la Nouvelle-Z\u00e9lande - Marion<\/title>\n<meta name=\"robots\" content=\"index, follow, max-snippet:-1, max-image-preview:large, max-video-preview:-1\" \/>\n<link rel=\"canonical\" href=\"https:\/\/www.gomarion.fr\/index.php\/faire-son-sac-pour-la-nouvelle-zelande\/\" \/>\n<meta property=\"og:locale\" content=\"fr_FR\" \/>\n<meta property=\"og:type\" content=\"article\" \/>\n<meta property=\"og:title\" content=\"Faire son sac pour la Nouvelle-Z\u00e9lande - Marion\" \/>\n<meta property=\"og:description\" content=\"Quel calvaire de r\u00e9fl\u00e9chir \u00e0 quoi mettre dans son sac quand on ne sait m\u00eame pas combien de temps on part! Et dans un paysTour Details\" \/>\n<meta property=\"og:url\" content=\"https:\/\/www.gomarion.fr\/index.php\/faire-son-sac-pour-la-nouvelle-zelande\/\" \/>\n<meta property=\"og:site_name\" content=\"Marion\" \/>\n<meta property=\"article:modified_time\" content=\"2019-02-24T12:06:03+00:00\" \/>\n<meta property=\"og:image\" content=\"https:\/\/www.gomarion.fr\/wp-content\/uploads\/2019\/02\/PSX_20190223_191911.jpg\" \/>\n<meta name=\"twitter:card\" content=\"summary_large_image\" \/>\n<meta name=\"twitter:label1\" content=\"Dur\u00e9e de lecture estim\u00e9e\" \/>\n\t<meta name=\"twitter:data1\" content=\"3 minutes\" \/>\n<script type=\"application\/ld+json\" class=\"yoast-schema-graph\">{\"@context\":\"https:\\\/\\\/schema.org\",\"@graph\":[{\"@type\":\"WebPage\",\"@id\":\"https:\\\/\\\/www.gomarion.fr\\\/index.php\\\/faire-son-sac-pour-la-nouvelle-zelande\\\/\",\"url\":\"https:\\\/\\\/www.gomarion.fr\\\/index.php\\\/faire-son-sac-pour-la-nouvelle-zelande\\\/\",\"name\":\"Faire son sac pour la Nouvelle-Z\u00e9lande - Marion\",\"isPartOf\":{\"@id\":\"https:\\\/\\\/www.gomarion.fr\\\/#website\"},\"primaryImageOfPage\":{\"@id\":\"https:\\\/\\\/www.gomarion.fr\\\/index.php\\\/faire-son-sac-pour-la-nouvelle-zelande\\\/#primaryimage\"},\"image\":{\"@id\":\"https:\\\/\\\/www.gomarion.fr\\\/index.php\\\/faire-son-sac-pour-la-nouvelle-zelande\\\/#primaryimage\"},\"thumbnailUrl\":\"https:\\\/\\\/www.gomarion.fr\\\/wp-content\\\/uploads\\\/2019\\\/02\\\/PSX_20190223_191911.jpg\",\"datePublished\":\"2019-02-21T17:04:27+00:00\",\"dateModified\":\"2019-02-24T12:06:03+00:00\",\"breadcrumb\":{\"@id\":\"https:\\\/\\\/www.gomarion.fr\\\/index.php\\\/faire-son-sac-pour-la-nouvelle-zelande\\\/#breadcrumb\"},\"inLanguage\":\"fr-FR\",\"potentialAction\":[{\"@type\":\"ReadAction\",\"target\":[\"https:\\\/\\\/www.gomarion.fr\\\/index.php\\\/faire-son-sac-pour-la-nouvelle-zelande\\\/\"]}]},{\"@type\":\"ImageObject\",\"inLanguage\":\"fr-FR\",\"@id\":\"https:\\\/\\\/www.gomarion.fr\\\/index.php\\\/faire-son-sac-pour-la-nouvelle-zelande\\\/#primaryimage\",\"url\":\"https:\\\/\\\/www.gomarion.fr\\\/wp-content\\\/uploads\\\/2019\\\/02\\\/PSX_20190223_191911.jpg\",\"contentUrl\":\"https:\\\/\\\/www.gomarion.fr\\\/wp-content\\\/uploads\\\/2019\\\/02\\\/PSX_20190223_191911.jpg\",\"width\":1000,\"height\":783,\"caption\":\"Compartimenter ses affaires, un gain de temps quand on doit chercher quelque chose au fond de son sac !\"},{\"@type\":\"BreadcrumbList\",\"@id\":\"https:\\\/\\\/www.gomarion.fr\\\/index.php\\\/faire-son-sac-pour-la-nouvelle-zelande\\\/#breadcrumb\",\"itemListElement\":[{\"@type\":\"ListItem\",\"position\":1,\"name\":\"Accueil\",\"item\":\"https:\\\/\\\/www.gomarion.fr\\\/\"},{\"@type\":\"ListItem\",\"position\":2,\"name\":\"Faire son sac pour la Nouvelle-Z\u00e9lande\"}]},{\"@type\":\"WebSite\",\"@id\":\"https:\\\/\\\/www.gomarion.fr\\\/#website\",\"url\":\"https:\\\/\\\/www.gomarion.fr\\\/\",\"name\":\"Marion\",\"description\":\"et son besoin d&#039;\u00e9vasion\",\"publisher\":{\"@id\":\"https:\\\/\\\/www.gomarion.fr\\\/#\\\/schema\\\/person\\\/4693f65ad095df88a8b54f7589847dff\"},\"potentialAction\":[{\"@type\":\"SearchAction\",\"target\":{\"@type\":\"EntryPoint\",\"urlTemplate\":\"https:\\\/\\\/www.gomarion.fr\\\/?s={search_term_string}\"},\"query-input\":{\"@type\":\"PropertyValueSpecification\",\"valueRequired\":true,\"valueName\":\"search_term_string\"}}],\"inLanguage\":\"fr-FR\"},{\"@type\":[\"Person\",\"Organization\"],\"@id\":\"https:\\\/\\\/www.gomarion.fr\\\/#\\\/schema\\\/person\\\/4693f65ad095df88a8b54f7589847dff\",\"name\":\"Marion\",\"image\":{\"@type\":\"ImageObject\",\"inLanguage\":\"fr-FR\",\"@id\":\"https:\\\/\\\/secure.gravatar.com\\\/avatar\\\/1f7e61c5d42482fbf73bc41685c69fc86b5c119ff3194e4fa38ed60e8915a637?s=96&d=mm&r=g\",\"url\":\"https:\\\/\\\/secure.gravatar.com\\\/avatar\\\/1f7e61c5d42482fbf73bc41685c69fc86b5c119ff3194e4fa38ed60e8915a637?s=96&d=mm&r=g\",\"contentUrl\":\"https:\\\/\\\/secure.gravatar.com\\\/avatar\\\/1f7e61c5d42482fbf73bc41685c69fc86b5c119ff3194e4fa38ed60e8915a637?s=96&d=mm&r=g\",\"caption\":\"Marion\"},\"logo\":{\"@id\":\"https:\\\/\\\/secure.gravatar.com\\\/avatar\\\/1f7e61c5d42482fbf73bc41685c69fc86b5c119ff3194e4fa38ed60e8915a637?s=96&d=mm&r=g\"}}]}<\/script>\n<!-- \/ Yoast SEO plugin. -->","yoast_head_json":{"title":"Faire son sac pour la Nouvelle-Z\u00e9lande - Marion","robots":{"index":"index","follow":"follow","max-snippet":"max-snippet:-1","max-image-preview":"max-image-preview:large","max-video-preview":"max-video-preview:-1"},"canonical":"https:\/\/www.gomarion.fr\/index.php\/faire-son-sac-pour-la-nouvelle-zelande\/","og_locale":"fr_FR","og_type":"article","og_title":"Faire son sac pour la Nouvelle-Z\u00e9lande - Marion","og_description":"Quel calvaire de r\u00e9fl\u00e9chir \u00e0 quoi mettre dans son sac quand on ne sait m\u00eame pas combien de temps on part! Et dans un paysTour Details","og_url":"https:\/\/www.gomarion.fr\/index.php\/faire-son-sac-pour-la-nouvelle-zelande\/","og_site_name":"Marion","article_modified_time":"2019-02-24T12:06:03+00:00","og_image":[{"url":"https:\/\/www.gomarion.fr\/wp-content\/uploads\/2019\/02\/PSX_20190223_191911.jpg","type":"","width":"","height":""}],"twitter_card":"summary_large_image","twitter_misc":{"Dur\u00e9e de lecture estim\u00e9e":"3 minutes"},"schema":{"@context":"https:\/\/schema.org","@graph":[{"@type":"WebPage","@id":"https:\/\/www.gomarion.fr\/index.php\/faire-son-sac-pour-la-nouvelle-zelande\/","url":"https:\/\/www.gomarion.fr\/index.php\/faire-son-sac-pour-la-nouvelle-zelande\/","name":"Faire son sac pour la Nouvelle-Z\u00e9lande - Marion","isPartOf":{"@id":"https:\/\/www.gomarion.fr\/#website"},"primaryImageOfPage":{"@id":"https:\/\/www.gomarion.fr\/index.php\/faire-son-sac-pour-la-nouvelle-zelande\/#primaryimage"},"image":{"@id":"https:\/\/www.gomarion.fr\/index.php\/faire-son-sac-pour-la-nouvelle-zelande\/#primaryimage"},"thumbnailUrl":"https:\/\/www.gomarion.fr\/wp-content\/uploads\/2019\/02\/PSX_20190223_191911.jpg","datePublished":"2019-02-21T17:04:27+00:00","dateModified":"2019-02-24T12:06:03+00:00","breadcrumb":{"@id":"https:\/\/www.gomarion.fr\/index.php\/faire-son-sac-pour-la-nouvelle-zelande\/#breadcrumb"},"inLanguage":"fr-FR","potentialAction":[{"@type":"ReadAction","target":["https:\/\/www.gomarion.fr\/index.php\/faire-son-sac-pour-la-nouvelle-zelande\/"]}]},{"@type":"ImageObject","inLanguage":"fr-FR","@id":"https:\/\/www.gomarion.fr\/index.php\/faire-son-sac-pour-la-nouvelle-zelande\/#primaryimage","url":"https:\/\/www.gomarion.fr\/wp-content\/uploads\/2019\/02\/PSX_20190223_191911.jpg","contentUrl":"https:\/\/www.gomarion.fr\/wp-content\/uploads\/2019\/02\/PSX_20190223_191911.jpg","width":1000,"height":783,"caption":"Compartimenter ses affaires, un gain de temps quand on doit chercher quelque chose au fond de son sac !"},{"@type":"BreadcrumbList","@id":"https:\/\/www.gomarion.fr\/index.php\/faire-son-sac-pour-la-nouvelle-zelande\/#breadcrumb","itemListElement":[{"@type":"ListItem","position":1,"name":"Accueil","item":"https:\/\/www.gomarion.fr\/"},{"@type":"ListItem","position":2,"name":"Faire son sac pour la Nouvelle-Z\u00e9lande"}]},{"@type":"WebSite","@id":"https:\/\/www.gomarion.fr\/#website","url":"https:\/\/www.gomarion.fr\/","name":"Marion","description":"et son besoin d&#039;\u00e9vasion","publisher":{"@id":"https:\/\/www.gomarion.fr\/#\/schema\/person\/4693f65ad095df88a8b54f7589847dff"},"potentialAction":[{"@type":"SearchAction","target":{"@type":"EntryPoint","urlTemplate":"https:\/\/www.gomarion.fr\/?s={search_term_string}"},"query-input":{"@type":"PropertyValueSpecification","valueRequired":true,"valueName":"search_term_string"}}],"inLanguage":"fr-FR"},{"@type":["Person","Organization"],"@id":"https:\/\/www.gomarion.fr\/#\/schema\/person\/4693f65ad095df88a8b54f7589847dff","name":"Marion","image":{"@type":"ImageObject","inLanguage":"fr-FR","@id":"https:\/\/secure.gravatar.com\/avatar\/1f7e61c5d42482fbf73bc41685c69fc86b5c119ff3194e4fa38ed60e8915a637?s=96&d=mm&r=g","url":"https:\/\/secure.gravatar.com\/avatar\/1f7e61c5d42482fbf73bc41685c69fc86b5c119ff3194e4fa38ed60e8915a637?s=96&d=mm&r=g","contentUrl":"https:\/\/secure.gravatar.com\/avatar\/1f7e61c5d42482fbf73bc41685c69fc86b5c119ff3194e4fa38ed60e8915a637?s=96&d=mm&r=g","caption":"Marion"},"logo":{"@id":"https:\/\/secure.gravatar.com\/avatar\/1f7e61c5d42482fbf73bc41685c69fc86b5c119ff3194e4fa38ed60e8915a637?s=96&d=mm&r=g"}}]}},"_links":{"self":[{"href":"https:\/\/www.gomarion.fr\/index.php\/wp-json\/wp\/v2\/pages\/21","targetHints":{"allow":["GET"]}}],"collection":[{"href":"https:\/\/www.gomarion.fr\/index.php\/wp-json\/wp\/v2\/pages"}],"about":[{"href":"https:\/\/www.gomarion.fr\/index.php\/wp-json\/wp\/v2\/types\/page"}],"author":[{"embeddable":true,"href":"https:\/\/www.gomarion.fr\/index.php\/wp-json\/wp\/v2\/users\/1"}],"replies":[{"embeddable":true,"href":"https:\/\/www.gomarion.fr\/index.php\/wp-json\/wp\/v2\/comments?post=21"}],"version-history":[{"count":41,"href":"https:\/\/www.gomarion.fr\/index.php\/wp-json\/wp\/v2\/pages\/21\/revisions"}],"predecessor-version":[{"id":169,"href":"https:\/\/www.gomarion.fr\/index.php\/wp-json\/wp\/v2\/pages\/21\/revisions\/169"}],"wp:attachment":[{"href":"https:\/\/www.gomarion.fr\/index.php\/wp-json\/wp\/v2\/media?parent=21"}],"curies":[{"name":"wp","href":"https:\/\/api.w.org\/{rel}","templated":true}]}}